{"id":5475,"date":"2021-10-25T13:12:01","date_gmt":"2021-10-25T13:12:01","guid":{"rendered":"https:\/\/www.screen-led.us\/in-stock\/"},"modified":"2025-10-27T10:37:23","modified_gmt":"2025-10-27T08:37:23","slug":"en-stock","status":"publish","type":"page","link":"https:\/\/www.screen-led.us\/es\/en-stock\/","title":{"rendered":"En stock"},"content":{"rendered":"<h1>Pantallas LED m\u00f3viles en el almac\u00e9n de Tampa.<\/h1>\n<p><b>Comprueba c\u00f3mo funciona una pantalla LED m\u00f3vil y c\u00f3mprala directamente en el almac\u00e9n.<\/b><br \/>\nTendremos el remolque listo para recoger en un almac\u00e9n situado en Tampa.<\/p>\n","protected":false},"excerpt":{"rendered":"<p>Pantallas LED m\u00f3viles en el almac\u00e9n de Tampa. Comprueba c\u00f3mo funciona una pantalla LED m\u00f3vil y c\u00f3mprala directamente en el almac\u00e9n. Tendremos el remolque listo para recoger en un almac\u00e9n situado en Tampa.<\/p>\n","protected":false},"author":1,"featured_media":0,"parent":0,"menu_order":4,"comment_status":"closed","ping_status":"closed","template":"templates\/stock.php","meta":{"footnotes":""},"acf":[],"yoast_head":"<!-- This site is optimized with the Yoast SEO plugin v22.3 - https:\/\/yoast.com\/wordpress\/plugins\/seo\/ -->\n<title>En stock - Screen Led USA<\/title>\n<meta name=\"robots\" content=\"index, follow, max-snippet:-1, max-image-preview:large, max-video-preview:-1\" \/>\n<link rel=\"canonical\" href=\"https:\/\/www.screen-led.us\/es\/en-stock\/\" \/>\n<meta property=\"og:locale\" content=\"es_ES\" \/>\n<meta property=\"og:type\" content=\"article\" \/>\n<meta property=\"og:title\" content=\"En stock - Screen Led USA\" \/>\n<meta property=\"og:description\" content=\"Pantallas LED m\u00f3viles en el almac\u00e9n de Tampa. Comprueba c\u00f3mo funciona una pantalla LED m\u00f3vil y c\u00f3mprala directamente en el almac\u00e9n. Tendremos el remolque listo para recoger en un almac\u00e9n situado en Tampa.\" \/>\n<meta property=\"og:url\" content=\"https:\/\/www.screen-led.us\/es\/en-stock\/\" \/>\n<meta property=\"og:site_name\" content=\"Screen Led USA\" \/>\n<meta property=\"article:modified_time\" content=\"2025-10-27T08:37:23+00:00\" \/>\n<meta name=\"twitter:card\" content=\"summary_large_image\" \/>\n<meta name=\"twitter:label1\" content=\"Tiempo de lectura\" \/>\n\t<meta name=\"twitter:data1\" content=\"1 minuto\" \/>\n<script type=\"application\/ld+json\" class=\"yoast-schema-graph\">{\"@context\":\"https:\/\/schema.org\",\"@graph\":[{\"@type\":\"WebPage\",\"@id\":\"https:\/\/www.screen-led.us\/es\/en-stock\/\",\"url\":\"https:\/\/www.screen-led.us\/es\/en-stock\/\",\"name\":\"En stock - Screen Led USA\",\"isPartOf\":{\"@id\":\"https:\/\/www.screen-led.us\/es\/#website\"},\"datePublished\":\"2021-10-25T13:12:01+00:00\",\"dateModified\":\"2025-10-27T08:37:23+00:00\",\"breadcrumb\":{\"@id\":\"https:\/\/www.screen-led.us\/es\/en-stock\/#breadcrumb\"},\"inLanguage\":\"es\",\"potentialAction\":[{\"@type\":\"ReadAction\",\"target\":[\"https:\/\/www.screen-led.us\/es\/en-stock\/\"]}]},{\"@type\":\"BreadcrumbList\",\"@id\":\"https:\/\/www.screen-led.us\/es\/en-stock\/#breadcrumb\",\"itemListElement\":[{\"@type\":\"ListItem\",\"position\":1,\"name\":\"Inicio\",\"item\":\"https:\/\/www.screen-led.us\/es\/\"},{\"@type\":\"ListItem\",\"position\":2,\"name\":\"En stock\"}]},{\"@type\":\"WebSite\",\"@id\":\"https:\/\/www.screen-led.us\/es\/#website\",\"url\":\"https:\/\/www.screen-led.us\/es\/\",\"name\":\"Screen Led USA\",\"description\":\"LED display trailers manufacturer. 156 manufactured mobile LED screens for 21 countries. Screen up to 23' x 15'. We got US dealers. Check it!\",\"publisher\":{\"@id\":\"https:\/\/www.screen-led.us\/es\/#organization\"},\"potentialAction\":[{\"@type\":\"SearchAction\",\"target\":{\"@type\":\"EntryPoint\",\"urlTemplate\":\"https:\/\/www.screen-led.us\/es\/?s={search_term_string}\"},\"query-input\":\"required name=search_term_string\"}],\"inLanguage\":\"es\"},{\"@type\":\"Organization\",\"@id\":\"https:\/\/www.screen-led.us\/es\/#organization\",\"name\":\"Screen Led USA\",\"url\":\"https:\/\/www.screen-led.us\/es\/\",\"logo\":{\"@type\":\"ImageObject\",\"inLanguage\":\"es\",\"@id\":\"https:\/\/www.screen-led.us\/es\/#\/schema\/logo\/image\/\",\"url\":\"https:\/\/www.screen-led.us\/wp-content\/uploads\/2024\/10\/screen-led-us-logo.png\",\"contentUrl\":\"https:\/\/www.screen-led.us\/wp-content\/uploads\/2024\/10\/screen-led-us-logo.png\",\"width\":2696,\"height\":588,\"caption\":\"Screen Led USA\"},\"image\":{\"@id\":\"https:\/\/www.screen-led.us\/es\/#\/schema\/logo\/image\/\"}}]}<\/script>\n<!-- \/ Yoast SEO plugin. -->","yoast_head_json":{"title":"En stock - Screen Led USA","robots":{"index":"index","follow":"follow","max-snippet":"max-snippet:-1","max-image-preview":"max-image-preview:large","max-video-preview":"max-video-preview:-1"},"canonical":"https:\/\/www.screen-led.us\/es\/en-stock\/","og_locale":"es_ES","og_type":"article","og_title":"En stock - Screen Led USA","og_description":"Pantallas LED m\u00f3viles en el almac\u00e9n de Tampa. Comprueba c\u00f3mo funciona una pantalla LED m\u00f3vil y c\u00f3mprala directamente en el almac\u00e9n. Tendremos el remolque listo para recoger en un almac\u00e9n situado en Tampa.","og_url":"https:\/\/www.screen-led.us\/es\/en-stock\/","og_site_name":"Screen Led USA","article_modified_time":"2025-10-27T08:37:23+00:00","twitter_card":"summary_large_image","twitter_misc":{"Tiempo de lectura":"1 minuto"},"schema":{"@context":"https:\/\/schema.org","@graph":[{"@type":"WebPage","@id":"https:\/\/www.screen-led.us\/es\/en-stock\/","url":"https:\/\/www.screen-led.us\/es\/en-stock\/","name":"En stock - Screen Led USA","isPartOf":{"@id":"https:\/\/www.screen-led.us\/es\/#website"},"datePublished":"2021-10-25T13:12:01+00:00","dateModified":"2025-10-27T08:37:23+00:00","breadcrumb":{"@id":"https:\/\/www.screen-led.us\/es\/en-stock\/#breadcrumb"},"inLanguage":"es","potentialAction":[{"@type":"ReadAction","target":["https:\/\/www.screen-led.us\/es\/en-stock\/"]}]},{"@type":"BreadcrumbList","@id":"https:\/\/www.screen-led.us\/es\/en-stock\/#breadcrumb","itemListElement":[{"@type":"ListItem","position":1,"name":"Inicio","item":"https:\/\/www.screen-led.us\/es\/"},{"@type":"ListItem","position":2,"name":"En stock"}]},{"@type":"WebSite","@id":"https:\/\/www.screen-led.us\/es\/#website","url":"https:\/\/www.screen-led.us\/es\/","name":"Screen Led USA","description":"LED display trailers manufacturer. 156 manufactured mobile LED screens for 21 countries. Screen up to 23' x 15'. We got US dealers. Check it!","publisher":{"@id":"https:\/\/www.screen-led.us\/es\/#organization"},"potentialAction":[{"@type":"SearchAction","target":{"@type":"EntryPoint","urlTemplate":"https:\/\/www.screen-led.us\/es\/?s={search_term_string}"},"query-input":"required name=search_term_string"}],"inLanguage":"es"},{"@type":"Organization","@id":"https:\/\/www.screen-led.us\/es\/#organization","name":"Screen Led USA","url":"https:\/\/www.screen-led.us\/es\/","logo":{"@type":"ImageObject","inLanguage":"es","@id":"https:\/\/www.screen-led.us\/es\/#\/schema\/logo\/image\/","url":"https:\/\/www.screen-led.us\/wp-content\/uploads\/2024\/10\/screen-led-us-logo.png","contentUrl":"https:\/\/www.screen-led.us\/wp-content\/uploads\/2024\/10\/screen-led-us-logo.png","width":2696,"height":588,"caption":"Screen Led USA"},"image":{"@id":"https:\/\/www.screen-led.us\/es\/#\/schema\/logo\/image\/"}}]}},"_links":{"self":[{"href":"https:\/\/www.screen-led.us\/es\/wp-json\/wp\/v2\/pages\/5475"}],"collection":[{"href":"https:\/\/www.screen-led.us\/es\/wp-json\/wp\/v2\/pages"}],"about":[{"href":"https:\/\/www.screen-led.us\/es\/wp-json\/wp\/v2\/types\/page"}],"author":[{"embeddable":true,"href":"https:\/\/www.screen-led.us\/es\/wp-json\/wp\/v2\/users\/1"}],"replies":[{"embeddable":true,"href":"https:\/\/www.screen-led.us\/es\/wp-json\/wp\/v2\/comments?post=5475"}],"version-history":[{"count":5,"href":"https:\/\/www.screen-led.us\/es\/wp-json\/wp\/v2\/pages\/5475\/revisions"}],"predecessor-version":[{"id":5908,"href":"https:\/\/www.screen-led.us\/es\/wp-json\/wp\/v2\/pages\/5475\/revisions\/5908"}],"wp:attachment":[{"href":"https:\/\/www.screen-led.us\/es\/wp-json\/wp\/v2\/media?parent=5475"}],"curies":[{"name":"wp","href":"https:\/\/api.w.org\/{rel}","templated":true}]}}