{"id":5472,"date":"2021-10-31T14:14:03","date_gmt":"2021-10-31T14:14:03","guid":{"rendered":"https:\/\/www.screen-led.us\/mobile-led-screen\/"},"modified":"2023-10-20T11:22:17","modified_gmt":"2023-10-20T09:22:17","slug":"pantallas-led-moviles","status":"publish","type":"page","link":"https:\/\/www.screen-led.us\/es\/pantallas-led-moviles\/","title":{"rendered":"Pantallas LED m\u00f3viles"},"content":{"rendered":"<h1>Pantalla <u class=\"\">LED<\/u> para m\u00f3viles: principales ventajas.<\/h1>\n<p>Una pantalla LED m\u00f3vil es una soluci\u00f3n innovadora para la industria audiovisual. Proporciona una movilidad sin igual para su negocio. En lugar de construir una estructura completa para soportar su pantalla, puede simplemente remolcarla detr\u00e1s de su veh\u00edculo.<\/p>\n<a href=\"#\" class=\"btn btn--red\" target=\"_self\">Compruebe los remolques<\/a>\n","protected":false},"excerpt":{"rendered":"<p>Pantalla LED para m\u00f3viles: principales ventajas. Una pantalla LED m\u00f3vil es una soluci\u00f3n innovadora para la industria audiovisual. Proporciona una movilidad sin igual para su negocio. En lugar de construir una estructura completa para soportar su pantalla, puede simplemente remolcarla detr\u00e1s de su veh\u00edculo.<\/p>\n","protected":false},"author":1,"featured_media":0,"parent":0,"menu_order":1,"comment_status":"closed","ping_status":"closed","template":"templates\/products.php","meta":{"footnotes":""},"acf":[],"yoast_head":"<!-- This site is optimized with the Yoast SEO plugin v22.3 - https:\/\/yoast.com\/wordpress\/plugins\/seo\/ -->\n<title>Pantalla LED m\u00f3vil en Am\u00e9rica | Remolques | Screen-LED.us<\/title>\n<meta name=\"description\" content=\"Desde 2007, fabricamos remolques con pantallas LED. \u00bfNecesita una pantalla LED m\u00f3vil de hasta 23&#039; x 15&#039;? M\u00e1s informaci\u00f3n!\" \/>\n<meta name=\"robots\" content=\"index, follow, max-snippet:-1, max-image-preview:large, max-video-preview:-1\" \/>\n<link rel=\"canonical\" href=\"https:\/\/www.screen-led.us\/es\/pantallas-led-moviles\/\" \/>\n<meta property=\"og:locale\" content=\"es_ES\" \/>\n<meta property=\"og:type\" content=\"article\" \/>\n<meta property=\"og:title\" content=\"Pantalla LED m\u00f3vil en Am\u00e9rica | Remolques | Screen-LED.us\" \/>\n<meta property=\"og:description\" content=\"Desde 2007, fabricamos remolques con pantallas LED. \u00bfNecesita una pantalla LED m\u00f3vil de hasta 23&#039; x 15&#039;? M\u00e1s informaci\u00f3n!\" \/>\n<meta property=\"og:url\" content=\"https:\/\/www.screen-led.us\/es\/pantallas-led-moviles\/\" \/>\n<meta property=\"og:site_name\" content=\"Screen Led USA\" \/>\n<meta property=\"article:modified_time\" content=\"2023-10-20T09:22:17+00:00\" \/>\n<meta name=\"twitter:card\" content=\"summary_large_image\" \/>\n<meta name=\"twitter:label1\" content=\"Tiempo de lectura\" \/>\n\t<meta name=\"twitter:data1\" content=\"1 minuto\" \/>\n<script type=\"application\/ld+json\" class=\"yoast-schema-graph\">{\"@context\":\"https:\/\/schema.org\",\"@graph\":[{\"@type\":\"WebPage\",\"@id\":\"https:\/\/www.screen-led.us\/es\/pantallas-led-moviles\/\",\"url\":\"https:\/\/www.screen-led.us\/es\/pantallas-led-moviles\/\",\"name\":\"Pantalla LED m\u00f3vil en Am\u00e9rica | Remolques | Screen-LED.us\",\"isPartOf\":{\"@id\":\"https:\/\/www.screen-led.us\/es\/#website\"},\"datePublished\":\"2021-10-31T14:14:03+00:00\",\"dateModified\":\"2023-10-20T09:22:17+00:00\",\"description\":\"Desde 2007, fabricamos remolques con pantallas LED. \u00bfNecesita una pantalla LED m\u00f3vil de hasta 23' x 15'? M\u00e1s informaci\u00f3n!\",\"breadcrumb\":{\"@id\":\"https:\/\/www.screen-led.us\/es\/pantallas-led-moviles\/#breadcrumb\"},\"inLanguage\":\"es\",\"potentialAction\":[{\"@type\":\"ReadAction\",\"target\":[\"https:\/\/www.screen-led.us\/es\/pantallas-led-moviles\/\"]}]},{\"@type\":\"BreadcrumbList\",\"@id\":\"https:\/\/www.screen-led.us\/es\/pantallas-led-moviles\/#breadcrumb\",\"itemListElement\":[{\"@type\":\"ListItem\",\"position\":1,\"name\":\"Inicio\",\"item\":\"https:\/\/www.screen-led.us\/es\/\"},{\"@type\":\"ListItem\",\"position\":2,\"name\":\"Pantallas LED m\u00f3viles\"}]},{\"@type\":\"WebSite\",\"@id\":\"https:\/\/www.screen-led.us\/es\/#website\",\"url\":\"https:\/\/www.screen-led.us\/es\/\",\"name\":\"Screen Led USA\",\"description\":\"LED display trailers manufacturer. 156 manufactured mobile LED screens for 21 countries. Screen up to 23' x 15'. We got US dealers. Check it!\",\"publisher\":{\"@id\":\"https:\/\/www.screen-led.us\/es\/#organization\"},\"potentialAction\":[{\"@type\":\"SearchAction\",\"target\":{\"@type\":\"EntryPoint\",\"urlTemplate\":\"https:\/\/www.screen-led.us\/es\/?s={search_term_string}\"},\"query-input\":\"required name=search_term_string\"}],\"inLanguage\":\"es\"},{\"@type\":\"Organization\",\"@id\":\"https:\/\/www.screen-led.us\/es\/#organization\",\"name\":\"Screen Led USA\",\"url\":\"https:\/\/www.screen-led.us\/es\/\",\"logo\":{\"@type\":\"ImageObject\",\"inLanguage\":\"es\",\"@id\":\"https:\/\/www.screen-led.us\/es\/#\/schema\/logo\/image\/\",\"url\":\"https:\/\/www.screen-led.us\/wp-content\/uploads\/2024\/10\/screen-led-us-logo.png\",\"contentUrl\":\"https:\/\/www.screen-led.us\/wp-content\/uploads\/2024\/10\/screen-led-us-logo.png\",\"width\":2696,\"height\":588,\"caption\":\"Screen Led USA\"},\"image\":{\"@id\":\"https:\/\/www.screen-led.us\/es\/#\/schema\/logo\/image\/\"}}]}<\/script>\n<!-- \/ Yoast SEO plugin. -->","yoast_head_json":{"title":"Pantalla LED m\u00f3vil en Am\u00e9rica | Remolques | Screen-LED.us","description":"Desde 2007, fabricamos remolques con pantallas LED. \u00bfNecesita una pantalla LED m\u00f3vil de hasta 23' x 15'? M\u00e1s informaci\u00f3n!","robots":{"index":"index","follow":"follow","max-snippet":"max-snippet:-1","max-image-preview":"max-image-preview:large","max-video-preview":"max-video-preview:-1"},"canonical":"https:\/\/www.screen-led.us\/es\/pantallas-led-moviles\/","og_locale":"es_ES","og_type":"article","og_title":"Pantalla LED m\u00f3vil en Am\u00e9rica | Remolques | Screen-LED.us","og_description":"Desde 2007, fabricamos remolques con pantallas LED. \u00bfNecesita una pantalla LED m\u00f3vil de hasta 23' x 15'? M\u00e1s informaci\u00f3n!","og_url":"https:\/\/www.screen-led.us\/es\/pantallas-led-moviles\/","og_site_name":"Screen Led USA","article_modified_time":"2023-10-20T09:22:17+00:00","twitter_card":"summary_large_image","twitter_misc":{"Tiempo de lectura":"1 minuto"},"schema":{"@context":"https:\/\/schema.org","@graph":[{"@type":"WebPage","@id":"https:\/\/www.screen-led.us\/es\/pantallas-led-moviles\/","url":"https:\/\/www.screen-led.us\/es\/pantallas-led-moviles\/","name":"Pantalla LED m\u00f3vil en Am\u00e9rica | Remolques | Screen-LED.us","isPartOf":{"@id":"https:\/\/www.screen-led.us\/es\/#website"},"datePublished":"2021-10-31T14:14:03+00:00","dateModified":"2023-10-20T09:22:17+00:00","description":"Desde 2007, fabricamos remolques con pantallas LED. \u00bfNecesita una pantalla LED m\u00f3vil de hasta 23' x 15'? M\u00e1s informaci\u00f3n!","breadcrumb":{"@id":"https:\/\/www.screen-led.us\/es\/pantallas-led-moviles\/#breadcrumb"},"inLanguage":"es","potentialAction":[{"@type":"ReadAction","target":["https:\/\/www.screen-led.us\/es\/pantallas-led-moviles\/"]}]},{"@type":"BreadcrumbList","@id":"https:\/\/www.screen-led.us\/es\/pantallas-led-moviles\/#breadcrumb","itemListElement":[{"@type":"ListItem","position":1,"name":"Inicio","item":"https:\/\/www.screen-led.us\/es\/"},{"@type":"ListItem","position":2,"name":"Pantallas LED m\u00f3viles"}]},{"@type":"WebSite","@id":"https:\/\/www.screen-led.us\/es\/#website","url":"https:\/\/www.screen-led.us\/es\/","name":"Screen Led USA","description":"LED display trailers manufacturer. 156 manufactured mobile LED screens for 21 countries. Screen up to 23' x 15'. We got US dealers. Check it!","publisher":{"@id":"https:\/\/www.screen-led.us\/es\/#organization"},"potentialAction":[{"@type":"SearchAction","target":{"@type":"EntryPoint","urlTemplate":"https:\/\/www.screen-led.us\/es\/?s={search_term_string}"},"query-input":"required name=search_term_string"}],"inLanguage":"es"},{"@type":"Organization","@id":"https:\/\/www.screen-led.us\/es\/#organization","name":"Screen Led USA","url":"https:\/\/www.screen-led.us\/es\/","logo":{"@type":"ImageObject","inLanguage":"es","@id":"https:\/\/www.screen-led.us\/es\/#\/schema\/logo\/image\/","url":"https:\/\/www.screen-led.us\/wp-content\/uploads\/2024\/10\/screen-led-us-logo.png","contentUrl":"https:\/\/www.screen-led.us\/wp-content\/uploads\/2024\/10\/screen-led-us-logo.png","width":2696,"height":588,"caption":"Screen Led USA"},"image":{"@id":"https:\/\/www.screen-led.us\/es\/#\/schema\/logo\/image\/"}}]}},"_links":{"self":[{"href":"https:\/\/www.screen-led.us\/es\/wp-json\/wp\/v2\/pages\/5472"}],"collection":[{"href":"https:\/\/www.screen-led.us\/es\/wp-json\/wp\/v2\/pages"}],"about":[{"href":"https:\/\/www.screen-led.us\/es\/wp-json\/wp\/v2\/types\/page"}],"author":[{"embeddable":true,"href":"https:\/\/www.screen-led.us\/es\/wp-json\/wp\/v2\/users\/1"}],"replies":[{"embeddable":true,"href":"https:\/\/www.screen-led.us\/es\/wp-json\/wp\/v2\/comments?post=5472"}],"version-history":[{"count":3,"href":"https:\/\/www.screen-led.us\/es\/wp-json\/wp\/v2\/pages\/5472\/revisions"}],"predecessor-version":[{"id":5508,"href":"https:\/\/www.screen-led.us\/es\/wp-json\/wp\/v2\/pages\/5472\/revisions\/5508"}],"wp:attachment":[{"href":"https:\/\/www.screen-led.us\/es\/wp-json\/wp\/v2\/media?parent=5472"}],"curies":[{"name":"wp","href":"https:\/\/api.w.org\/{rel}","templated":true}]}}